{"id":438,"date":"2025-08-27T10:21:22","date_gmt":"2025-08-27T08:21:22","guid":{"rendered":"https:\/\/badhornet.pl\/?page_id=438"},"modified":"2025-12-09T19:35:17","modified_gmt":"2025-12-09T18:35:17","slug":"szkolenia-taktyczne","status":"publish","type":"page","link":"https:\/\/badhornet.pl\/?page_id=438","title":{"rendered":"Szkolenia taktyczne"},"content":{"rendered":"\n<p>Daty szkole\u0144 w zak\u0142adce <a href=\"https:\/\/badhornet.pl\/?page_id=21\" data-type=\"link\" data-id=\"https:\/\/badhornet.pl\/?page_id=21\">Terminarz<\/a><\/p>\n\n\n\n<h2 class=\"wp-block-heading\">\u201eDonbas Snajper\u201d &#8211; taktyka strzelc\u00f3w wyborowych w terenie zurbanizowanym<\/h2>\n\n\n\n<p>czas trwania: 2 dni<\/p>\n\n\n\n<p>cena : 1000 pln \/ os (cena nie zawiera koszt\u00f3w zakwaterowania i wy\u017cywienia)<\/p>\n\n\n\n<p>lokalizacja : Strzelnica STS Borek Sejny <a href=\"https:\/\/stsborek.pl\/\">https:\/\/stsborek.pl\/<\/a><\/p>\n\n\n\n<blockquote class=\"wp-block-quote is-layout-flow wp-block-quote-is-layout-flow\">\n<blockquote class=\"wp-block-quote is-layout-flow wp-block-quote-is-layout-flow\">\n<p>Szkolenie ma na celu nabycie umiej\u0119tno\u015bci prowadzenia dzia\u0142a\u0144 taktycznych przez zesp\u00f3\u0142 strzelc\u00f3w wyborowych oraz wsparcia pododdzia\u0142\u00f3w w\u0142asnych.<\/p>\n\n\n\n<p>Uczestnicy ucz\u0105 si\u0119 zagadnie\u0144 z zakresu taktyki zespo\u0142u strzelc\u00f3w wyborowych w warunkach frontowych oraz praktyk realizacji zada\u0144 i przetrwania na polu walki w terenie zurbanizowanym.<\/p>\n\n\n\n<p>Szkolenie bazuje na unikalnych kwalifikacjach i do\u015bwiadczeniu osobistym instruktor\u00f3w wyniesionym z frontu wojny pe\u0142noskalowej na Ukrainie.<\/p>\n<\/blockquote>\n<\/blockquote>\n\n\n\n<p><strong>Program szkolenia<\/strong><\/p>\n\n\n\n<ol class=\"wp-block-list\">\n<li>Szkolenie teoretyczne<\/li>\n<\/ol>\n\n\n\n<ul class=\"wp-block-list\">\n<li>realia wojny pe\u0142noskalowej w terenie zurbanizowanym<\/li>\n\n\n\n<li>planowanie marszruty dotarcia do rejonu dzia\u0142ania<\/li>\n\n\n\n<li>przemieszczanie w terenie zurbanizowanym i mieszanym<\/li>\n\n\n\n<li>wyb\u00f3r i przygotowanie stanowiska zespo\u0142u na obiekcie<\/li>\n\n\n\n<li>techniki maskowania, kamufla\u017cu i ochrona przed nowoczesnymi \u015brodkami rozpoznawczymi<\/li>\n\n\n\n<li>bezpieczne zaj\u0119cie i ubezpieczenie stanowiska, drogi ewakuacji<\/li>\n\n\n\n<li>wykorzystanie system\u00f3w \u015bwiadomo\u015bci sytuacyjnej i komunikacji z zespo\u0142em rozpoznawczym<\/li>\n\n\n\n<li>podzia\u0142 zada\u0144, obserwacja, wskazywanie celi i komunikacja w zespole<\/li>\n\n\n\n<li>podstawy zagadnie\u0144 saperskich i wykorzystania \u0142adunk\u00f3w wybuchowych do ubezpieczenia pozycji<\/li>\n\n\n\n<li>podstawy balistyki i przygotowania broni do dzia\u0142a\u0144<\/li>\n<\/ul>\n\n\n\n<p>2. Szkolenie strzeleckie<\/p>\n\n\n\n<ul class=\"wp-block-list\">\n<li>komunikacja zespo\u0142owa, wykrywanie i wskazywanie celi<\/li>\n\n\n\n<li>koordynowanie i prowadzenie ognia na dystansach 100-300 m<\/li>\n\n\n\n<li>prowadzenie ognia w postawach wymuszonych i w warunkach stresowych<\/li>\n<\/ul>\n\n\n\n<p>3. Szkolenie praktyczne<\/p>\n\n\n\n<ul class=\"wp-block-list\">\n<li>przygotowanie zespo\u0142u i zasob\u00f3w do misji<\/li>\n\n\n\n<li>dotarcie na pozycj\u0119 przy aktywno\u015bci przeciwnika w warunkach ograniczonej widoczno\u015bci<\/li>\n\n\n\n<li>sprawdzenie stanowiska i dr\u00f3g ewakuacji<\/li>\n\n\n\n<li>przygotowanie stanowiska i sprz\u0119tu do dzia\u0142ania<\/li>\n\n\n\n<li>wsp\u00f3\u0142dzia\u0142anie z grup\u0105 rozpoznawcz\u0105, punktem dowodzenia, realizacja zada\u0144, komunikacja w zespole<\/li>\n\n\n\n<li>Powr\u00f3t z misji i analiza wniosk\u00f3w<\/li>\n<\/ul>\n\n\n\n<p><strong>Niezb\u0119dne wyposa\u017cenie:<\/strong><\/p>\n\n\n\n<ul class=\"wp-block-list\">\n<li>karabinek samopowtarzalny z celownikiem optycznym (przystrzelany na 100m)<\/li>\n\n\n\n<li>amunicja po\u015brednia 100 szt. , 3 magazynki , pas do broni, \u0142adownice<\/li>\n\n\n\n<li>kamizelka taktyczna lub oporz\u0105dzenie taktyczne, he\u0142m balistyczny lub kask ochronny<\/li>\n\n\n\n<li>plecak taktyczny, \u015bpiw\u00f3r, karimata, ponczo lub tarp (nocleg)<\/li>\n\n\n\n<li>o\u015bwietlenie na broni oraz indywidualne (czerwone)<\/li>\n\n\n\n<li>kompas, o\u015bwietlenie chemiczne 2 szt, indywidualna apteczka, staza taktyczna<\/li>\n\n\n\n<li>multi tool, opaski zaciskowe, ta\u015bma izolacyjna, \u017cy\u0142ka w\u0119dkarska<\/li>\n\n\n\n<li>smartfon lub tablet z oprogramowaniem Discord<\/li>\n<\/ul>\n\n\n\n<blockquote class=\"wp-block-quote is-layout-flow wp-block-quote-is-layout-flow\">\n<p>UWAGI:<\/p>\n\n\n\n<p>Czas trwania modu\u0142u : 2 dni , 30 godz. w cyklu ci\u0105g\u0142ym od 8 &#8211; 14 dnia nast\u0119pnego<\/p>\n\n\n\n<p>Grupa : 10-15 os\u00f3b<\/p>\n\n\n\n<p>Forma : wyk\u0142ady, zaj\u0119cia strzeleckie i zaj\u0119cia praktyczne.<\/p>\n\n\n\n<p>Lokalizacja : Strzelnica STS Borek Sejny <a href=\"https:\/\/stsborek.pl\/\">https:\/\/stsborek.pl\/<\/a><\/p>\n\n\n\n<p>Zakwaterowanie : zakwaterowanie w\u0142asne lub warunki polowe na terenie o\u015brodka szkoleniowego<\/p>\n\n\n\n<p>Op\u0142ata za u\u017cytkowanie strzelnicy 100 pln \/os za 2 dni .<\/p>\n\n\n\n<p>Wy\u017cywienie indywidualne lub catering organizowany grupowo w cenie 45 pln \/ os (obiad dwu daniowy z lokalnej gastronomii)<\/p>\n<\/blockquote>\n\n\n\n<figure class=\"wp-block-pullquote\"><blockquote><p>Uwaga. Organizator nie zapewnia broni i amunicji ,uczestnicy musz\u0105 posiada\u0107 pozwolenie na bro\u0144 oraz w\u0142asn\u0105 bro\u0144 i amunicj\u0119.<\/p><\/blockquote><\/figure>\n\n\n\n<h2 class=\"wp-block-heading\">&#8222;Donbas Szturman&#8221; &#8211; taktyka zespo\u0142owa i szturmowa<\/h2>\n\n\n\n<p>czas trwania: 2 dni<\/p>\n\n\n\n<p>cena : 1000 pln \/ os (cena nie zawiera koszt\u00f3w zakwaterowania i wy\u017cywienia)<\/p>\n\n\n\n<p>lokalizacja : Strzelnica STS Borek Sejny <a href=\"https:\/\/stsborek.pl\/\">https:\/\/stsborek.pl\/<\/a><\/p>\n\n\n\n<blockquote class=\"wp-block-quote is-layout-flow wp-block-quote-is-layout-flow\">\n<p>Szkolenie ma na celu nabycie umiej\u0119tno\u015bci prowadzenia dzia\u0142a\u0144 taktycznych i szturmowych przez sekcj\u0119 piechoty<\/p>\n<\/blockquote>\n\n\n\n<blockquote class=\"wp-block-quote is-layout-flow wp-block-quote-is-layout-flow\">\n<p>Uczestnicy ucz\u0105 si\u0119 zagadnie\u0144 z zakresu strzelania dynamicznego i instynktownego, taktyki i wsp\u00f3\u0142pracy w parze strzeleckiej oraz dzia\u0142a\u0144 szturmowych &nbsp;w warunkach frontowych.<\/p>\n<\/blockquote>\n\n\n\n<blockquote class=\"wp-block-quote is-layout-flow wp-block-quote-is-layout-flow\">\n<p>Szkolenie bazuje na unikalnych kwalifikacjach i do\u015bwiadczeniu osobistym instruktor\u00f3w wyniesionym z frontu wojny pe\u0142noskalowej na Ukrainie.<\/p>\n<\/blockquote>\n\n\n\n<p><strong>Program szkolenia<\/strong><\/p>\n\n\n\n<ol class=\"wp-block-list\">\n<li>Szkolenie teoretyczne<\/li>\n<\/ol>\n\n\n\n<ul class=\"wp-block-list\">\n<li>realia wojny pe\u0142noskalowej<\/li>\n\n\n\n<li>planowanie dzia\u0142a\u0144 szturmowych<\/li>\n\n\n\n<li>zasady przemieszczania w terenie zurbanizowanym i mieszanym<\/li>\n\n\n\n<li>taktyka zespo\u0142owa, komunikacja i wsp\u00f3\u0142praca w parze strzeleckiej<\/li>\n\n\n\n<li>zasady podej\u015bcia pod obiekt<\/li>\n\n\n\n<li>zasady prowadzenia dzia\u0142a\u0144 szturmowych<\/li>\n\n\n\n<li>wykorzystanie system\u00f3w \u015bwiadomo\u015bci sytuacyjnej i komunikacji z zespo\u0142em rozpoznawczym<\/li>\n\n\n\n<li>podstawy zagadnie\u0144 saperskich i u\u017cywania wybuchowych \u015brodk\u00f3w bojowych w dzia\u0142aniach szturmowych<\/li>\n<\/ul>\n\n\n\n<p>2. Szkolenie strzeleckie<\/p>\n\n\n\n<ul class=\"wp-block-list\">\n<li>strzelanie indywidualne z wykorzystaniem r\u00f3\u017cnych postaw, przes\u0142on i kierunk\u00f3w ognia<\/li>\n\n\n\n<li>strzelanie instynktowne w warunkach ograniczonej manewrowo\u015bci i widoczno\u015bci<\/li>\n\n\n\n<li>koordynowanie i prowadzenie ognia w parach<\/li>\n\n\n\n<li>prowadzenie i koordynacja ognia w warunkach umocnie\u0144 ziemnych i w warunkach stresowych<\/li>\n\n\n\n<li>prowadzenie i koordynacja ognia zespo\u0142owego w szturmie<\/li>\n\n\n\n<li>prowadzenie i koordynacja ognia zespo\u0142owego podczas wycofania<\/li>\n<\/ul>\n\n\n\n<p>3. Szkolenie praktyczne<\/p>\n\n\n\n<ul class=\"wp-block-list\">\n<li>przygotowanie zespo\u0142u i zasob\u00f3w do misji<\/li>\n\n\n\n<li>dotarcie na pozycj\u0119 przy aktywno\u015bci przeciwnika w warunkach ograniczonej widoczno\u015bci<\/li>\n\n\n\n<li>podej\u015bcie pod obiekt<\/li>\n\n\n\n<li>podstawy taktyki walki w budynkach i umocnieniach<\/li>\n\n\n\n<li>zaj\u0119cie i ubezpieczenie pozycji do czasu dotarcia grupy wsparcia<\/li>\n\n\n\n<li>wsp\u00f3\u0142dzia\u0142anie z grup\u0105 rozpoznawcz\u0105, punktem dowodzenia<\/li>\n\n\n\n<li>komunikacja w zespole<\/li>\n\n\n\n<li>powr\u00f3t z misji i analiza wniosk\u00f3w<\/li>\n<\/ul>\n\n\n\n<p><strong>Niezb\u0119dne wyposa\u017cenie<\/strong><\/p>\n\n\n\n<p>Niezb\u0119dne wyposa\u017cenie:<\/p>\n\n\n\n<ul class=\"wp-block-list\">\n<li>karabinek samopowtarzalny<\/li>\n\n\n\n<li>amunicja po\u015brednia 300 szt. , 5 magazynk\u00f3w , pas do broni , \u0142adownice<\/li>\n\n\n\n<li>kamizelka taktyczna lub oporz\u0105dzenie taktyczne, he\u0142m balistyczny lub kask ochronny<\/li>\n\n\n\n<li>plecak taktyczny, \u015bpiw\u00f3r, karimata, ponczo lub tarp (nocleg)<\/li>\n\n\n\n<li>o\u015bwietlenie na broni oraz indywidualne (czerwone)<\/li>\n\n\n\n<li>kompas, o\u015bwietlenie chemiczne 2 szt, indywidualna apteczka, staza taktyczna<\/li>\n\n\n\n<li>multi tool, opaski zaciskowe, ta\u015bma izolacyjna, \u017cy\u0142ka w\u0119dkarska<\/li>\n<\/ul>\n\n\n\n<blockquote class=\"wp-block-quote is-layout-flow wp-block-quote-is-layout-flow\">\n<p>Czas trwania modu\u0142u : 2 dni , 30 godz. w cyklu ci\u0105g\u0142ym od 8 &#8211; 14 dnia nast\u0119pnego<\/p>\n<\/blockquote>\n\n\n\n<blockquote class=\"wp-block-quote is-layout-flow wp-block-quote-is-layout-flow\">\n<p>Grupa : 10-15 os\u00f3b<\/p>\n<\/blockquote>\n\n\n\n<blockquote class=\"wp-block-quote is-layout-flow wp-block-quote-is-layout-flow\">\n<p>Forma : wyk\u0142ady, zaj\u0119cia strzeleckie i zaj\u0119cia praktyczne.<\/p>\n<\/blockquote>\n\n\n\n<blockquote class=\"wp-block-quote is-layout-flow wp-block-quote-is-layout-flow\">\n<p>Lokalizacja : Strzelnica STS Borek Sejny <a href=\"https:\/\/stsborek.pl\/\">https:\/\/stsborek.pl\/<\/a><\/p>\n<\/blockquote>\n\n\n\n<blockquote class=\"wp-block-quote is-layout-flow wp-block-quote-is-layout-flow\">\n<p>Zakwaterowanie : zakwaterowanie w\u0142asne lub warunki polowe na terenie o\u015brodka szkoleniowego<\/p>\n<\/blockquote>\n\n\n\n<blockquote class=\"wp-block-quote is-layout-flow wp-block-quote-is-layout-flow\">\n<p>Op\u0142ata za u\u017cytkowanie strzelnicy 100 pln \/os za 2 dni .<\/p>\n<\/blockquote>\n\n\n\n<blockquote class=\"wp-block-quote is-layout-flow wp-block-quote-is-layout-flow\">\n<p>Wy\u017cywienie indywidualne lub catering organizowany grupowo w cenie 45 pln \/ os (obiad dwu daniowy z lokalnej gastronomii)<\/p>\n<\/blockquote>\n\n\n\n<figure class=\"wp-block-pullquote\"><blockquote><p>Uwaga. Organizator nie zapewnia broni i amunicji ,uczestnicy musz\u0105 posiada\u0107 pozwolenie na bro\u0144 oraz w\u0142asn\u0105 bro\u0144 i amunicj\u0119.<\/p><\/blockquote><\/figure>\n","protected":false},"excerpt":{"rendered":"<p>Daty szkole\u0144 w zak\u0142adce Terminarz \u201eDonbas Snajper\u201d &#8211; taktyka strzelc\u00f3w wyborowych w terenie zurbanizowanym czas trwania: 2 dni cena : 1000 pln \/ os (cena nie zawiera koszt\u00f3w zakwaterowania i wy\u017cywienia) lokalizacja : Strzelnica STS Borek Sejny https:\/\/stsborek.pl\/ Program szkolenia 2. Szkolenie strzeleckie 3. Szkolenie praktyczne Niezb\u0119dne wyposa\u017cenie: UWAGI: Czas trwania modu\u0142u : 2 dni &hellip; <\/p>\n<p class=\"link-more\"><a href=\"https:\/\/badhornet.pl\/?page_id=438\" class=\"more-link\">Czytaj dalej<span class=\"screen-reader-text\"> \u201eSzkolenia taktyczne\u201d<\/span><\/a><\/p>\n","protected":false},"author":1,"featured_media":513,"parent":0,"menu_order":2,"comment_status":"closed","ping_status":"closed","template":"","meta":{"footnotes":""},"class_list":["post-438","page","type-page","status-publish","has-post-thumbnail","hentry"],"_links":{"self":[{"href":"https:\/\/badhornet.pl\/index.php?rest_route=\/wp\/v2\/pages\/438"}],"collection":[{"href":"https:\/\/badhornet.pl\/index.php?rest_route=\/wp\/v2\/pages"}],"about":[{"href":"https:\/\/badhornet.pl\/index.php?rest_route=\/wp\/v2\/types\/page"}],"author":[{"embeddable":true,"href":"https:\/\/badhornet.pl\/index.php?rest_route=\/wp\/v2\/users\/1"}],"replies":[{"embeddable":true,"href":"https:\/\/badhornet.pl\/index.php?rest_route=%2Fwp%2Fv2%2Fcomments&post=438"}],"version-history":[{"count":28,"href":"https:\/\/badhornet.pl\/index.php?rest_route=\/wp\/v2\/pages\/438\/revisions"}],"predecessor-version":[{"id":542,"href":"https:\/\/badhornet.pl\/index.php?rest_route=\/wp\/v2\/pages\/438\/revisions\/542"}],"wp:featuredmedia":[{"embeddable":true,"href":"https:\/\/badhornet.pl\/index.php?rest_route=\/wp\/v2\/media\/513"}],"wp:attachment":[{"href":"https:\/\/badhornet.pl\/index.php?rest_route=%2Fwp%2Fv2%2Fmedia&parent=438"}],"curies":[{"name":"wp","href":"https:\/\/api.w.org\/{rel}","templated":true}]}}