{"id":18,"date":"2024-11-12T17:21:06","date_gmt":"2024-11-12T16:21:06","guid":{"rendered":"https:\/\/badhornet.pl\/?page_id=18"},"modified":"2025-09-22T09:28:13","modified_gmt":"2025-09-22T07:28:13","slug":"o-nas","status":"publish","type":"page","link":"https:\/\/badhornet.pl\/?page_id=18","title":{"rendered":"O nas"},"content":{"rendered":"\n<h2 class=\"wp-block-heading\">Kim jeste\u015bmy ? Sk\u0105d przyszli\u015bmy ? Dok\u0105d idziemy ?<\/h2>\n\n\n\n<h2 class=\"wp-block-heading\">Sebastian &#8222;\u0141ysy&#8221; Kuczy\u0144ski<\/h2>\n\n\n\n<div class=\"wp-block-media-text has-media-on-the-right is-stacked-on-mobile is-vertically-aligned-top\"><div class=\"wp-block-media-text__content\">\n<p>By\u0142y \u017co\u0142nierz Wojska Polskiego w kt\u00f3rym s\u0142u\u017cy\u0142 w szeregach 1 PBOT jako strzelec wyborowy, snajper oraz operator ppk Javelin. Kwalifikacje w zakresie strzela\u0144 precyzyjnych, taktyki zielonej i czarnej zdobywa\u0142 podczas wielu kurs\u00f3w i \u0107wicze\u0144 z \u017co\u0142nierzami si\u0142 specjalnych WP i NATO.<\/p>\n\n\n\n<p><\/p>\n<\/div><figure class=\"wp-block-media-text__media\"><img loading=\"lazy\" decoding=\"async\" width=\"1024\" height=\"766\" src=\"https:\/\/badhornet.pl\/wp-content\/uploads\/2024\/11\/IMG_20210519_110741658_HDR-1024x766.jpg\" alt=\"\" class=\"wp-image-150 size-full\" srcset=\"https:\/\/badhornet.pl\/wp-content\/uploads\/2024\/11\/IMG_20210519_110741658_HDR-1024x766.jpg 1024w, https:\/\/badhornet.pl\/wp-content\/uploads\/2024\/11\/IMG_20210519_110741658_HDR-300x224.jpg 300w, https:\/\/badhornet.pl\/wp-content\/uploads\/2024\/11\/IMG_20210519_110741658_HDR-768x575.jpg 768w, https:\/\/badhornet.pl\/wp-content\/uploads\/2024\/11\/IMG_20210519_110741658_HDR-1536x1149.jpg 1536w, https:\/\/badhornet.pl\/wp-content\/uploads\/2024\/11\/IMG_20210519_110741658_HDR-2048x1532.jpg 2048w\" sizes=\"(max-width: 706px) 89vw, (max-width: 767px) 82vw, 740px\" \/><\/figure><\/div>\n\n\n\n<div class=\"wp-block-media-text is-stacked-on-mobile\"><figure class=\"wp-block-media-text__media\"><img loading=\"lazy\" decoding=\"async\" width=\"663\" height=\"1024\" src=\"https:\/\/badhornet.pl\/wp-content\/uploads\/2024\/11\/IMG_20240612_203032_7662-663x1024.jpg\" alt=\"\" class=\"wp-image-63 size-full\" srcset=\"https:\/\/badhornet.pl\/wp-content\/uploads\/2024\/11\/IMG_20240612_203032_7662-663x1024.jpg 663w, https:\/\/badhornet.pl\/wp-content\/uploads\/2024\/11\/IMG_20240612_203032_7662-194x300.jpg 194w, https:\/\/badhornet.pl\/wp-content\/uploads\/2024\/11\/IMG_20240612_203032_7662-768x1186.jpg 768w, https:\/\/badhornet.pl\/wp-content\/uploads\/2024\/11\/IMG_20240612_203032_7662-995x1536.jpg 995w, https:\/\/badhornet.pl\/wp-content\/uploads\/2024\/11\/IMG_20240612_203032_7662-1327x2048.jpg 1327w, https:\/\/badhornet.pl\/wp-content\/uploads\/2024\/11\/IMG_20240612_203032_7662-scaled.jpg 1658w\" sizes=\"(max-width: 663px) 100vw, 663px\" \/><\/figure><div class=\"wp-block-media-text__content\">\n<p>Po wybuchu pe\u0142noskalowej wojny na Ukrainie uzyska\u0142 zgod\u0119 MON na podj\u0119cie s\u0142u\u017cby w Si\u0142ach Zbrojnych Ukrainy.  W okresie 2023-2024 s\u0142u\u017c\u0105c w 24 Brygadzie Zmechanizowanej SZU jako operator dron\u00f3w rozpoznawczych i uderzeniowych FPV zdobywa\u0142 do\u015bwiadczenie frontowe uczestnicz\u0105c w walkach na Donbasie pod Niu Jorkiem, Toreckiem i Czasiw Jarem.<\/p>\n\n\n\n<p><\/p>\n<\/div><\/div>\n\n\n\n<div class=\"wp-block-media-text has-media-on-the-right is-stacked-on-mobile\"><div class=\"wp-block-media-text__content\">\n<p>Po powrocie do Ojczyzny powo\u0142uje projekt Bad Hornet w celu przekazania swoich umiej\u0119tno\u015bci i do\u015bwiadcze\u0144 \u017co\u0142nierzom s\u0142u\u017c\u0105cym w Si\u0142ach Zbrojnych RP oraz wszystkim entuzjastom chc\u0105cym zdoby\u0107 praktyczne kwalifikacje w ramach bojowego zastosowania dron\u00f3w.<\/p>\n<\/div><figure class=\"wp-block-media-text__media\"><img loading=\"lazy\" decoding=\"async\" width=\"768\" height=\"1024\" src=\"https:\/\/badhornet.pl\/wp-content\/uploads\/2024\/11\/IMG_3536-768x1024.jpg\" alt=\"\" class=\"wp-image-153 size-full\" srcset=\"https:\/\/badhornet.pl\/wp-content\/uploads\/2024\/11\/IMG_3536-768x1024.jpg 768w, https:\/\/badhornet.pl\/wp-content\/uploads\/2024\/11\/IMG_3536-225x300.jpg 225w, https:\/\/badhornet.pl\/wp-content\/uploads\/2024\/11\/IMG_3536-1152x1536.jpg 1152w, https:\/\/badhornet.pl\/wp-content\/uploads\/2024\/11\/IMG_3536.jpg 1200w\" sizes=\"(max-width: 706px) 89vw, (max-width: 767px) 82vw, 740px\" \/><\/figure><\/div>\n\n\n\n<p><\/p>\n\n\n\n<h2 class=\"wp-block-heading\">Piotr &#8222;Pioter&#8221; Mitkiewicz<\/h2>\n\n\n\n<div class=\"wp-block-media-text is-stacked-on-mobile\"><figure class=\"wp-block-media-text__media\"><img loading=\"lazy\" decoding=\"async\" width=\"768\" height=\"1024\" src=\"https:\/\/badhornet.pl\/wp-content\/uploads\/2024\/12\/IMG-20241211-WA0001-768x1024.jpg\" alt=\"\" class=\"wp-image-385 size-full\" srcset=\"https:\/\/badhornet.pl\/wp-content\/uploads\/2024\/12\/IMG-20241211-WA0001-768x1024.jpg 768w, https:\/\/badhornet.pl\/wp-content\/uploads\/2024\/12\/IMG-20241211-WA0001-225x300.jpg 225w, https:\/\/badhornet.pl\/wp-content\/uploads\/2024\/12\/IMG-20241211-WA0001-1152x1536.jpg 1152w, https:\/\/badhornet.pl\/wp-content\/uploads\/2024\/12\/IMG-20241211-WA0001.jpg 1200w\" sizes=\"(max-width: 706px) 89vw, (max-width: 767px) 82vw, 740px\" \/><\/figure><div class=\"wp-block-media-text__content\">\n<p>\u017bo\u0142nierz Legionu Mi\u0119dzynarodowego Obrony Terytorialnej Ukrainy.<\/p>\n\n\n\n<p>Do\u0142\u0105czy\u0142 do ZSU w maju 2022 roku. Rok czasu s\u0142u\u017cy\u0142 w 3 batalionie legionu mi\u0119dzynarodowego. Pracowa\u0142 w rozpoznaniu. Wsp\u00f3\u0142tworzy\u0142 i dowodzi\u0142 plutonem Comando w wielu akcjach. Przygotowywa\u0142 zasadzki na cele \u017cywe, pojazdy i sprz\u0119t techniczny przeciwnika. Pracowa\u0142 w grupach wsparcia jako operator granatnika automatycznego, ppk Javellin czy FIM-92 Stinger&#8230;<\/p>\n<\/div><\/div>\n\n\n\n<p><\/p>\n\n\n\n<div class=\"wp-block-media-text has-media-on-the-right is-stacked-on-mobile\"><div class=\"wp-block-media-text__content\">\n<p>W 2023 roku do\u0142\u0105czy\u0142 do HUR czyli G\u0142\u00f3wnego Zarz\u0105du Rozpoznania gdzie wyszkoli\u0142 si\u0119 w bojowym u\u017cyciu dron\u00f3w FPV.<br>Autor ksi\u0105\u017cki &#8222;Znale\u017a\u0107 i zniszczy\u0107&#8221; , bohater ksi\u0105\u017cki &#8222;Psy na ruskich&#8221;.<br>Odznaczony 4 medalami Si\u0142 Zbrojnych Ukrainy w tym Orderem M\u0119stwa, raniony w boju.<\/p>\n\n\n\n<p>Po powrocie do Ojczyzny jego celem jest przekazanie do\u015bwiadczenia bojowego oraz stworzenie funkcjonalnych platform bezza\u0142ogowych do zastosowa\u0144 bojowych.<\/p>\n<\/div><figure class=\"wp-block-media-text__media\"><img loading=\"lazy\" decoding=\"async\" width=\"768\" height=\"1024\" src=\"https:\/\/badhornet.pl\/wp-content\/uploads\/2024\/12\/IMG-20241211-WA0004-1-768x1024.jpg\" alt=\"\" class=\"wp-image-386 size-full\" srcset=\"https:\/\/badhornet.pl\/wp-content\/uploads\/2024\/12\/IMG-20241211-WA0004-1-768x1024.jpg 768w, https:\/\/badhornet.pl\/wp-content\/uploads\/2024\/12\/IMG-20241211-WA0004-1-225x300.jpg 225w, https:\/\/badhornet.pl\/wp-content\/uploads\/2024\/12\/IMG-20241211-WA0004-1-1152x1536.jpg 1152w, https:\/\/badhornet.pl\/wp-content\/uploads\/2024\/12\/IMG-20241211-WA0004-1.jpg 1200w\" sizes=\"(max-width: 706px) 89vw, (max-width: 767px) 82vw, 740px\" \/><\/figure><\/div>\n\n\n\n<h2 class=\"wp-block-heading\">Micha\u0142 &#8222;Lipton&#8221; Lipski<\/h2>\n\n\n\n<div class=\"wp-block-media-text has-media-on-the-right is-stacked-on-mobile\" style=\"grid-template-columns:auto 49%\"><div class=\"wp-block-media-text__content\">\n<p>By\u0142y \u017co\u0142nierz wojsk powietrzno-desantowych  Wojska Polskiego , w kt\u00f3rym to w szeregach 6 bpd pe\u0142ni\u0142 obowi\u0105zki dow\u00f3dcy kompanii szturmowej. <\/p>\n\n\n\n<p>Po wybuchu wojny rosyjsko-ukrai\u0144skiej wyjecha\u0142 na Ukrain\u0119 gdzie, s\u0142u\u017cy\u0142 w 214 samodzielnym batalionie specjalnego przeznaczenia OPFOR. Bra\u0142 udzia\u0142 w walkach od pocz\u0105tku wojny jako dow\u00f3dca kompanii szturmowej.  Kilkukrotnie ranny i kontuzjowany w boju<\/p>\n<\/div><figure class=\"wp-block-media-text__media\"><img loading=\"lazy\" decoding=\"async\" width=\"768\" height=\"1024\" src=\"https:\/\/badhornet.pl\/wp-content\/uploads\/2025\/08\/lipton2-1-768x1024.jpg\" alt=\"\" class=\"wp-image-494 size-full\" srcset=\"https:\/\/badhornet.pl\/wp-content\/uploads\/2025\/08\/lipton2-1-768x1024.jpg 768w, https:\/\/badhornet.pl\/wp-content\/uploads\/2025\/08\/lipton2-1-225x300.jpg 225w, https:\/\/badhornet.pl\/wp-content\/uploads\/2025\/08\/lipton2-1.jpg 966w\" sizes=\"(max-width: 706px) 89vw, (max-width: 767px) 82vw, 740px\" \/><\/figure><\/div>\n\n\n\n<div class=\"wp-block-media-text is-stacked-on-mobile\" style=\"grid-template-columns:51% auto\"><figure class=\"wp-block-media-text__media\"><img loading=\"lazy\" decoding=\"async\" width=\"1200\" height=\"900\" src=\"https:\/\/badhornet.pl\/wp-content\/uploads\/2025\/08\/lipton3-1200x900.jpg\" alt=\"\" class=\"wp-image-495 size-full\" srcset=\"https:\/\/badhornet.pl\/wp-content\/uploads\/2025\/08\/lipton3-1200x900.jpg 1200w, https:\/\/badhornet.pl\/wp-content\/uploads\/2025\/08\/lipton3-300x225.jpg 300w, https:\/\/badhornet.pl\/wp-content\/uploads\/2025\/08\/lipton3-768x576.jpg 768w, https:\/\/badhornet.pl\/wp-content\/uploads\/2025\/08\/lipton3-1536x1152.jpg 1536w, https:\/\/badhornet.pl\/wp-content\/uploads\/2025\/08\/lipton3.jpg 1600w\" sizes=\"(max-width: 706px) 89vw, (max-width: 767px) 82vw, 740px\" \/><\/figure><div class=\"wp-block-media-text__content\">\n<p>Do jego obowi\u0105zk\u00f3w nale\u017ca\u0142o planowanie i prowadzanie dzia\u0142a\u0144 szturmowych w r\u00f3\u017cnych warunkach , od obrony Kijowa w walkach w Hostomelu po obron\u0119 Bachmutu na Donbasie. Dowodz\u0105c oddzia\u0142ami na pierwszej linii styku z nieprzyjacielem ma na swoim koncie wielu zlikwidowanych wrog\u00f3w na r\u00f3\u017cnych dystansach i okoliczno\u015bciach<\/p>\n<\/div><\/div>\n\n\n\n<div class=\"wp-block-media-text has-media-on-the-right is-stacked-on-mobile\"><div class=\"wp-block-media-text__content\">\n<p>Osobi\u015bcie przygotowywa\u0142 i szkoli\u0142 \u017co\u0142nierzy kt\u00f3rymi dowodzi\u0142 w boju, a po powrocie do Ojczyzny zdobyte do\u015bwiadczenia i umiej\u0119tno\u015bci przekazuje podczas praktycznych szkole\u0144 taktycznych i strzeleckich.<\/p>\n<\/div><figure class=\"wp-block-media-text__media\"><img loading=\"lazy\" decoding=\"async\" width=\"1200\" height=\"676\" src=\"https:\/\/badhornet.pl\/wp-content\/uploads\/2025\/08\/lipton1-1200x676.jpg\" alt=\"\" class=\"wp-image-492 size-full\" srcset=\"https:\/\/badhornet.pl\/wp-content\/uploads\/2025\/08\/lipton1-1200x676.jpg 1200w, https:\/\/badhornet.pl\/wp-content\/uploads\/2025\/08\/lipton1-300x169.jpg 300w, https:\/\/badhornet.pl\/wp-content\/uploads\/2025\/08\/lipton1-768x433.jpg 768w, https:\/\/badhornet.pl\/wp-content\/uploads\/2025\/08\/lipton1.jpg 1280w\" sizes=\"(max-width: 706px) 89vw, (max-width: 767px) 82vw, 740px\" \/><\/figure><\/div>\n\n\n\n<h2 class=\"wp-block-heading\"><\/h2>\n\n\n\n<p><\/p>\n","protected":false},"excerpt":{"rendered":"<p>Kim jeste\u015bmy ? Sk\u0105d przyszli\u015bmy ? Dok\u0105d idziemy ? Sebastian &#8222;\u0141ysy&#8221; Kuczy\u0144ski By\u0142y \u017co\u0142nierz Wojska Polskiego w kt\u00f3rym s\u0142u\u017cy\u0142 w szeregach 1 PBOT jako strzelec wyborowy, snajper oraz operator ppk Javelin. Kwalifikacje w zakresie strzela\u0144 precyzyjnych, taktyki zielonej i czarnej zdobywa\u0142 podczas wielu kurs\u00f3w i \u0107wicze\u0144 z \u017co\u0142nierzami si\u0142 specjalnych WP i NATO. Po wybuchu &hellip; <\/p>\n<p class=\"link-more\"><a href=\"https:\/\/badhornet.pl\/?page_id=18\" class=\"more-link\">Czytaj dalej<span class=\"screen-reader-text\"> \u201eO nas\u201d<\/span><\/a><\/p>\n","protected":false},"author":1,"featured_media":466,"parent":0,"menu_order":4,"comment_status":"closed","ping_status":"closed","template":"","meta":{"footnotes":""},"class_list":["post-18","page","type-page","status-publish","has-post-thumbnail","hentry"],"_links":{"self":[{"href":"https:\/\/badhornet.pl\/index.php?rest_route=\/wp\/v2\/pages\/18"}],"collection":[{"href":"https:\/\/badhornet.pl\/index.php?rest_route=\/wp\/v2\/pages"}],"about":[{"href":"https:\/\/badhornet.pl\/index.php?rest_route=\/wp\/v2\/types\/page"}],"author":[{"embeddable":true,"href":"https:\/\/badhornet.pl\/index.php?rest_route=\/wp\/v2\/users\/1"}],"replies":[{"embeddable":true,"href":"https:\/\/badhornet.pl\/index.php?rest_route=%2Fwp%2Fv2%2Fcomments&post=18"}],"version-history":[{"count":41,"href":"https:\/\/badhornet.pl\/index.php?rest_route=\/wp\/v2\/pages\/18\/revisions"}],"predecessor-version":[{"id":511,"href":"https:\/\/badhornet.pl\/index.php?rest_route=\/wp\/v2\/pages\/18\/revisions\/511"}],"wp:featuredmedia":[{"embeddable":true,"href":"https:\/\/badhornet.pl\/index.php?rest_route=\/wp\/v2\/media\/466"}],"wp:attachment":[{"href":"https:\/\/badhornet.pl\/index.php?rest_route=%2Fwp%2Fv2%2Fmedia&parent=18"}],"curies":[{"name":"wp","href":"https:\/\/api.w.org\/{rel}","templated":true}]}}